{"id":55,"date":"2024-08-06T13:56:10","date_gmt":"2024-08-06T11:56:10","guid":{"rendered":"http:\/\/gotebike.es\/?page_id=55"},"modified":"2025-11-19T11:40:42","modified_gmt":"2025-11-19T10:40:42","slug":"gotebike-kits-ebike","status":"publish","type":"page","link":"https:\/\/gotebike.es\/","title":{"rendered":"Gotebike-kits-ebike"},"content":{"rendered":"<p>[et_pb_section fb_built=\u00bb1&#8243; admin_label=\u00bbCall to Action\u00bb _builder_version=\u00bb4.16&#8243; _module_preset=\u00bbdefault\u00bb overflow-x=\u00bbhidden\u00bb overflow-y=\u00bbhidden\u00bb custom_padding=\u00bb13px||||false|false\u00bb locked=\u00bboff\u00bb global_colors_info=\u00bb{}\u00bb][et_pb_row column_structure=\u00bb2_5,3_5&#8243; _builder_version=\u00bb4.16&#8243; _module_preset=\u00bbdefault\u00bb custom_padding=\u00bb||25px|||\u00bb global_colors_info=\u00bb{}\u00bb][et_pb_column type=\u00bb2_5&#8243; _builder_version=\u00bb4.16&#8243; _module_preset=\u00bbdefault\u00bb global_colors_info=\u00bb{}\u00bb][et_pb_image src=\u00bbhttp:\/\/gotebike.es\/wp-content\/uploads\/Gotebike-logo1.jpg\u00bb alt=\u00bbGotebike convierte tu bicicelta en una ebike\u00bb title_text=\u00bbGotebike-logo1&#8243; _builder_version=\u00bb4.27.0&#8243; _module_preset=\u00bbdefault\u00bb width=\u00bb60%\u00bb width_tablet=\u00bb46%\u00bb width_phone=\u00bb49%\u00bb width_last_edited=\u00bbon|desktop\u00bb hover_enabled=\u00bb0&#8243; global_colors_info=\u00bb{}\u00bb sticky_enabled=\u00bb0&#8243;][\/et_pb_image][et_pb_text _builder_version=\u00bb4.27.0&#8243; _module_preset=\u00bbdefault\u00bb header_font=\u00bbBebas Neue||||||||\u00bb header_font_size=\u00bb80px\u00bb header_line_height=\u00bb0.9em\u00bb custom_margin=\u00bb||10px||false|false\u00bb header_font_size_tablet=\u00bb80px\u00bb header_font_size_phone=\u00bb48px\u00bb header_font_size_last_edited=\u00bbon|tablet\u00bb header_line_height_tablet=\u00bb1em\u00bb header_line_height_phone=\u00bb\u00bb header_line_height_last_edited=\u00bbon|desktop\u00bb locked=\u00bboff\u00bb global_colors_info=\u00bb{}\u00bb]<\/p>\n<h1>Convierte tu bicicleta en una e-bike<\/h1>\n<p>[\/et_pb_text][et_pb_text _builder_version=\u00bb4.27.0&#8243; _module_preset=\u00bbdefault\u00bb text_font_size=\u00bb16px\u00bb text_line_height=\u00bb1.8em\u00bb text_font_size_tablet=\u00bb\u00bb text_font_size_phone=\u00bb14px\u00bb text_font_size_last_edited=\u00bbon|phone\u00bb locked=\u00bboff\u00bb global_colors_info=\u00bb{}\u00bb]<\/p>\n<p><strong>Ofrecemos una innovadora l\u00ednea de kits y bater\u00edas dise\u00f1ados para transformar cualquier bicicleta convencional en una potente bicicleta el\u00e9ctrica.<\/strong><\/p>\n<p>Nuestra misi\u00f3n es brindarte la libertad de explorar nuevos horizontes y disfrutar del ciclismo con la comodidad y eficiencia de una ebike.<\/p>\n<p>[\/et_pb_text][et_pb_blurb title=\u00bb+34 630 49 43 50&#8243; url=\u00bbhttps:\/\/api.whatsapp.com\/send?phone=34630494350&#038;text=%C2%A1Hola!%20Necesito%20informaci%C3%B3n%20para%20convertir%20mi%20bicicleta%20en%20una%20e-bike\u00bb image=\u00bbhttp:\/\/gotebike.es\/wp-content\/uploads\/Logos-web-512&#215;512-1.jpg\u00bb icon_placement=\u00bbleft\u00bb content_max_width=\u00bb100%\u00bb _builder_version=\u00bb4.27.0&#8243; _module_preset=\u00bbdefault\u00bb header_font=\u00bbBebas Neue||||||||\u00bb header_text_color=\u00bb#1ba553&#8243; header_font_size=\u00bb24px\u00bb header_letter_spacing=\u00bb1px\u00bb body_line_height=\u00bb1.8em\u00bb background_layout=\u00bbdark\u00bb custom_margin=\u00bb||||false|false\u00bb custom_padding=\u00bb||||false|false\u00bb header_font_size_tablet=\u00bb20px\u00bb header_font_size_phone=\u00bb18px\u00bb header_font_size_last_edited=\u00bbon|phone\u00bb global_colors_info=\u00bb{}\u00bb][\/et_pb_blurb][et_pb_button button_url=\u00bbhttp:\/\/gotebike.es\/wp-content\/uploads\/Catalogo-Gotebike-1.pdf\u00bb url_new_window=\u00bbon\u00bb button_text=\u00bbVER CAT\u00c1LOGO\u00bb _builder_version=\u00bb4.27.0&#8243; _module_preset=\u00bbdefault\u00bb custom_button=\u00bbon\u00bb button_text_size=\u00bb34px\u00bb button_text_color=\u00bb#FFFFFF\u00bb button_bg_color=\u00bb#009CD5&#8243; button_border_width=\u00bb0px\u00bb button_border_radius=\u00bb0px\u00bb button_letter_spacing=\u00bb4px\u00bb button_font=\u00bbBebas Neue|700|||||||\u00bb button_icon=\u00bb&#x24;||divi||400&#8243; custom_padding=\u00bb15px|40px|15px|40px|true|true\u00bb locked=\u00bboff\u00bb global_colors_info=\u00bb{}\u00bb][\/et_pb_button][\/et_pb_column][et_pb_column type=\u00bb3_5&#8243; _builder_version=\u00bb4.16&#8243; _module_preset=\u00bbdefault\u00bb global_colors_info=\u00bb{}\u00bb][et_pb_image src=\u00bbhttp:\/\/gotebike.es\/wp-content\/uploads\/gotebike1.jpg\u00bb alt=\u00bbGOTEBIKE\u00bb title_text=\u00bbgotebike1&#8243; _builder_version=\u00bb4.27.0&#8243; _module_preset=\u00bbdefault\u00bb use_background_color_gradient=\u00bbon\u00bb background_color_gradient_direction=\u00bb90deg\u00bb background_color_gradient_stops=\u00bb#009cd5 0%|#009cd5 19%|rgba(255,255,255,0) 20%\u00bb background_color_gradient_start=\u00bb#ea3900&#8243; background_color_gradient_start_position=\u00bb21.25%\u00bb background_color_gradient_end=\u00bbrgba(0,0,0,0)\u00bb background_color_gradient_end_position=\u00bb0%\u00bb custom_margin=\u00bb|-30vw|||false|false\u00bb custom_margin_tablet=\u00bb|0vw|||false|false\u00bb custom_margin_phone=\u00bb\u00bb custom_margin_last_edited=\u00bbon|tablet\u00bb hover_enabled=\u00bb0&#8243; global_colors_info=\u00bb{}\u00bb sticky_enabled=\u00bb0&#8243;][\/et_pb_image][\/et_pb_column][\/et_pb_row][et_pb_row column_structure=\u00bb1_3,1_3,1_3&#8243; use_custom_gutter=\u00bbon\u00bb gutter_width=\u00bb1&#8243; make_equal=\u00bbon\u00bb _builder_version=\u00bb4.27.0&#8243; _module_preset=\u00bbdefault\u00bb background_color=\u00bbRGBA(255,255,255,0)\u00bb width_tablet=\u00bb100%\u00bb width_last_edited=\u00bboff|tablet\u00bb custom_padding=\u00bb0px||0px||true|false\u00bb box_shadow_style=\u00bbpreset2&#8243; global_colors_info=\u00bb{}\u00bb][et_pb_column type=\u00bb1_3&#8243; _builder_version=\u00bb4.27.0&#8243; _module_preset=\u00bbdefault\u00bb background_color=\u00bb#009cd5&#8243; custom_padding=\u00bb40px|40px|40px|40px|true|true\u00bb custom_padding_tablet=\u00bb|30px||30px|true|true\u00bb custom_padding_phone=\u00bb|20px||20px|false|true\u00bb custom_padding_last_edited=\u00bbon|desktop\u00bb global_colors_info=\u00bb{}\u00bb][et_pb_blurb title=\u00bbDescuentos especiales para profesionales\u00bb use_icon=\u00bbon\u00bb font_icon=\u00bb&#xe07b;||divi||400&#8243; icon_color=\u00bb#ffffff\u00bb icon_placement=\u00bbleft\u00bb content_max_width=\u00bb100%\u00bb _builder_version=\u00bb4.27.0&#8243; _module_preset=\u00bbdefault\u00bb header_font=\u00bbBebas Neue||||||||\u00bb header_font_size=\u00bb24px\u00bb header_letter_spacing=\u00bb1px\u00bb body_line_height=\u00bb1.8em\u00bb background_layout=\u00bbdark\u00bb header_font_size_tablet=\u00bb20px\u00bb header_font_size_phone=\u00bb18px\u00bb header_font_size_last_edited=\u00bbon|phone\u00bb global_colors_info=\u00bb{}\u00bb]<\/p>\n<p>Aprovecha nuestras ofertas exclusivas dise\u00f1adas para talleres, distribuidores y empresas del sector, con condiciones preferenciales.<\/p>\n<p>[\/et_pb_blurb][et_pb_social_media_follow _builder_version=\u00bb4.27.0&#8243; _module_preset=\u00bbdefault\u00bb custom_padding=\u00bb23px|||||\u00bb global_colors_info=\u00bb{}\u00bb body_font_size_tablet=\u00bb20px\u00bb body_font_size_phone=\u00bb16px\u00bb body_font_size_last_edited=\u00bbon|phone\u00bb icon_color__hover_enabled=\u00bbon|hover\u00bb icon_color__hover=\u00bb#ea3900&#8243;][et_pb_social_media_follow_network social_network=\u00bblinkedin\u00bb url=\u00bbhttps:\/\/www.linkedin.com\/company\/gotebike\u00bb _builder_version=\u00bb4.27.0&#8243; _module_preset=\u00bbdefault\u00bb background_enable_color=\u00bboff\u00bb global_colors_info=\u00bb{}\u00bb follow_button=\u00bboff\u00bb url_new_window=\u00bbon\u00bb]linkedin[\/et_pb_social_media_follow_network][et_pb_social_media_follow_network social_network=\u00bbyoutube\u00bb url=\u00bbhttps:\/\/www.youtube.com\/c\/gotebike\u00bb _builder_version=\u00bb4.27.0&#8243; _module_preset=\u00bbdefault\u00bb background_color=\u00bb#a82400&#8243; global_colors_info=\u00bb{}\u00bb follow_button=\u00bboff\u00bb url_new_window=\u00bbon\u00bb]youtube[\/et_pb_social_media_follow_network][\/et_pb_social_media_follow][\/et_pb_column][et_pb_column type=\u00bb1_3&#8243; _builder_version=\u00bb4.27.0&#8243; _module_preset=\u00bbdefault\u00bb use_background_color_gradient=\u00bbon\u00bb background_color_gradient_stops=\u00bbrgba(0,0,0,0.56) 0%|#009cd5 100%\u00bb background_color_gradient_overlays_image=\u00bbon\u00bb background_color_gradient_start=\u00bbrgba(0,0,0,0.56)\u00bb background_color_gradient_end=\u00bbrgba(0,0,0,0.8)\u00bb background_image=\u00bbhttp:\/\/gotebike.es\/wp-content\/uploads\/bike-repair-25.jpg\u00bb custom_padding=\u00bb40px|40px|40px|40px|true|true\u00bb custom_padding_tablet=\u00bb|30px||30px|true|true\u00bb custom_padding_phone=\u00bb|20px||20px|false|true\u00bb custom_padding_last_edited=\u00bbon|desktop\u00bb global_colors_info=\u00bb{}\u00bb][et_pb_blurb title=\u00bbKits completos\u00bb use_icon=\u00bbon\u00bb font_icon=\u00bb&#xe038;||divi||400&#8243; icon_color=\u00bb#ffffff\u00bb icon_placement=\u00bbleft\u00bb content_max_width=\u00bb100%\u00bb _builder_version=\u00bb4.27.0&#8243; _module_preset=\u00bbdefault\u00bb header_font=\u00bbBebas Neue||||||||\u00bb header_font_size=\u00bb24px\u00bb header_letter_spacing=\u00bb1px\u00bb body_line_height=\u00bb1.8em\u00bb background_layout=\u00bbdark\u00bb header_font_size_tablet=\u00bb20px\u00bb header_font_size_phone=\u00bb18px\u00bb header_font_size_last_edited=\u00bbon|phone\u00bb global_colors_info=\u00bb{}\u00bb]<\/p>\n<p>Cada kit incluye un motor integrado en la rueda, un controlador avanzado, sensores PAS de \u00faltima generaci\u00f3n, y un display LCD intuitivo para un control total de tu experiencia de conducci\u00f3n<\/p>\n<p>[\/et_pb_blurb][\/et_pb_column][et_pb_column type=\u00bb1_3&#8243; _builder_version=\u00bb4.27.0&#8243; _module_preset=\u00bbdefault\u00bb background_color=\u00bb#009cd5&#8243; custom_padding=\u00bb40px|40px|40px|40px|true|true\u00bb custom_padding_tablet=\u00bb|30px||30px|true|true\u00bb custom_padding_phone=\u00bb|20px||20px|false|true\u00bb custom_padding_last_edited=\u00bbon|desktop\u00bb global_colors_info=\u00bb{}\u00bb][et_pb_blurb title=\u00bbVariedad de Modelos\u00bb use_icon=\u00bbon\u00bb font_icon=\u00bb&#xe083;||divi||400&#8243; icon_color=\u00bb#ffffff\u00bb icon_placement=\u00bbleft\u00bb content_max_width=\u00bb100%\u00bb _builder_version=\u00bb4.27.0&#8243; _module_preset=\u00bbdefault\u00bb header_font=\u00bbBebas Neue||||||||\u00bb header_font_size=\u00bb24px\u00bb header_letter_spacing=\u00bb1px\u00bb body_line_height=\u00bb1.8em\u00bb background_layout=\u00bbdark\u00bb header_font_size_tablet=\u00bb20px\u00bb header_font_size_phone=\u00bb18px\u00bb header_font_size_last_edited=\u00bbon|phone\u00bb global_colors_info=\u00bb{}\u00bb]<\/p>\n<p>Disponemos de kits adaptados a diferentes tama\u00f1os de ruedas (20&#8243;, 24&#8243;, 26&#8243;, 28&#8243;), asegurando una perfecta compatibilidad y rendimiento \u00f3ptimo para cada tipo de bicicleta.<\/p>\n<p>&nbsp;<\/p>\n<p>[\/et_pb_blurb][et_pb_blurb title=\u00bbCONDICIONES DE VENTA\u00bb url=\u00bbhttps:\/\/gotebike.es\/?page_id=84&#8243; use_icon=\u00bbon\u00bb font_icon=\u00bb&#xe018;||divi||400&#8243; icon_color=\u00bb#ffffff\u00bb icon_placement=\u00bbleft\u00bb content_max_width=\u00bb100%\u00bb _builder_version=\u00bb4.27.0&#8243; _module_preset=\u00bbdefault\u00bb header_font=\u00bbBebas Neue||||||||\u00bb header_font_size=\u00bb24px\u00bb header_letter_spacing=\u00bb1px\u00bb body_line_height=\u00bb1.8em\u00bb body_link_font=\u00bb|600|||||||\u00bb body_link_text_color=\u00bb#FFFFFF\u00bb background_layout=\u00bbdark\u00bb header_font_size_tablet=\u00bb20px\u00bb header_font_size_phone=\u00bb18px\u00bb header_font_size_last_edited=\u00bbon|phone\u00bb global_colors_info=\u00bb{}\u00bb]<\/p>\n<ul>\n<li><a href=\"https:\/\/gotebike.es\/?page_id=84\">Garant\u00edas y devoluciones<\/a><\/li>\n<\/ul>\n<p>[\/et_pb_blurb][\/et_pb_column][\/et_pb_row][\/et_pb_section]<\/p>\n","protected":false},"excerpt":{"rendered":"<p>Convierte tu bicicleta en una e-bikeOfrecemos una innovadora l\u00ednea de kits y bater\u00edas dise\u00f1ados para transformar cualquier bicicleta convencional en una potente bicicleta el\u00e9ctrica. Nuestra misi\u00f3n es brindarte la libertad de explorar nuevos horizontes y disfrutar del ciclismo con la comodidad y eficiencia de una ebike.Aprovecha nuestras ofertas exclusivas dise\u00f1adas para talleres, distribuidores y empresas [&hellip;]<\/p>\n","protected":false},"author":2,"featured_media":0,"parent":0,"menu_order":0,"comment_status":"closed","ping_status":"closed","template":"","meta":{"_et_pb_use_builder":"on","_et_pb_old_content":"","_et_gb_content_width":"","footnotes":""},"class_list":["post-55","page","type-page","status-publish","hentry"],"_links":{"self":[{"href":"https:\/\/gotebike.es\/index.php?rest_route=\/wp\/v2\/pages\/55","targetHints":{"allow":["GET"]}}],"collection":[{"href":"https:\/\/gotebike.es\/index.php?rest_route=\/wp\/v2\/pages"}],"about":[{"href":"https:\/\/gotebike.es\/index.php?rest_route=\/wp\/v2\/types\/page"}],"author":[{"embeddable":true,"href":"https:\/\/gotebike.es\/index.php?rest_route=\/wp\/v2\/users\/2"}],"replies":[{"embeddable":true,"href":"https:\/\/gotebike.es\/index.php?rest_route=%2Fwp%2Fv2%2Fcomments&post=55"}],"version-history":[{"count":32,"href":"https:\/\/gotebike.es\/index.php?rest_route=\/wp\/v2\/pages\/55\/revisions"}],"predecessor-version":[{"id":127,"href":"https:\/\/gotebike.es\/index.php?rest_route=\/wp\/v2\/pages\/55\/revisions\/127"}],"wp:attachment":[{"href":"https:\/\/gotebike.es\/index.php?rest_route=%2Fwp%2Fv2%2Fmedia&parent=55"}],"curies":[{"name":"wp","href":"https:\/\/api.w.org\/{rel}","templated":true}]}}